{"id":5113,"date":"2021-05-10T18:22:50","date_gmt":"2021-05-10T16:22:50","guid":{"rendered":"https:\/\/layout.cz.hasami.com\/?page_id=5113"},"modified":"2021-06-08T12:07:52","modified_gmt":"2021-06-08T10:07:52","slug":"partneri","status":"publish","type":"page","link":"https:\/\/layout.cz.hasami.com\/?page_id=5113","title":{"rendered":"PARTNE\u0158I"},"content":{"rendered":"<div class=\"row\"  id=\"row-650777539\">\n\n\n\t<div id=\"col-631977586\" class=\"col small-12 large-12\"  >\n\t\t\t\t<div class=\"col-inner\"  >\n\t\t\t\n\t\t\t\n\n<div class=\"row row-dashed\"  id=\"row-1218030413\">\n\n\n\t<div id=\"col-974680195\" class=\"col medium-4 small-12 large-4\"  >\n\t\t\t\t<div class=\"col-inner\"  >\n\t\t\t\n\t\t\t\n\n\t<div class=\"img has-hover fotos x md-x lg-x y md-y lg-y\" id=\"image_1267454829\">\n\t\t\t\t\t\t\t\t<div class=\"img-inner dark\" style=\"margin:0px 0px 0px 0px;\">\n\t\t\t<img loading=\"lazy\" decoding=\"async\" width=\"100\" height=\"150\" src=\"https:\/\/layout.cz.hasami.com\/wp-content\/uploads\/2020\/09\/defaultuser.jpg\" class=\"attachment-thumbnail size-thumbnail\" alt=\"\" \/>\t\t\t\t\t\t\n\t\t\t\t\t<\/div>\n\t\t\t\t\t\t\t\t\n<style>\n#image_1267454829 {\n  width: 70%;\n}\n<\/style>\n\t<\/div>\n\t\n\n<p>Praha a cel\u00e1 \u010cR: Ji\u0159\u00ed \u0160ebor<br \/>tel. 603 209033<\/p>\n\n\t\t<\/div>\n\t\t\t\t\t<\/div>\n\n\t\n\n\t<div id=\"col-970562261\" class=\"col medium-4 small-12 large-4\"  >\n\t\t\t\t<div class=\"col-inner\"  >\n\t\t\t\n\t\t\t\n\n\t<div class=\"img has-hover x md-x lg-x y md-y lg-y\" id=\"image_1035833372\">\n\t\t\t\t\t\t\t\t<div class=\"img-inner dark\" >\n\t\t\t<img loading=\"lazy\" decoding=\"async\" width=\"100\" height=\"150\" src=\"https:\/\/layout.cz.hasami.com\/wp-content\/uploads\/2020\/09\/defaultuser.jpg\" class=\"attachment-large size-large\" alt=\"\" \/>\t\t\t\t\t\t\n\t\t\t\t\t<\/div>\n\t\t\t\t\t\t\t\t\n<style>\n#image_1035833372 {\n  width: 70%;\n}\n<\/style>\n\t<\/div>\n\t\n\n<p>Jan Pokorn\u00fd, Praha<br \/>tel. 602 320445<\/p>\n\n\t\t<\/div>\n\t\t\t\t\t<\/div>\n\n\t\n\n\t<div id=\"col-120831158\" class=\"col medium-4 small-12 large-4\"  >\n\t\t\t\t<div class=\"col-inner\"  >\n\t\t\t\n\t\t\t\n\n\t<div class=\"img has-hover x md-x lg-x y md-y lg-y\" id=\"image_669612022\">\n\t\t\t\t\t\t\t\t<div class=\"img-inner dark\" >\n\t\t\t<img loading=\"lazy\" decoding=\"async\" width=\"100\" height=\"150\" src=\"https:\/\/layout.cz.hasami.com\/wp-content\/uploads\/2020\/09\/defaultuser.jpg\" class=\"attachment-large size-large\" alt=\"\" \/>\t\t\t\t\t\t\n\t\t\t\t\t<\/div>\n\t\t\t\t\t\t\t\t\n<style>\n#image_669612022 {\n  width: 70%;\n}\n<\/style>\n\t<\/div>\n\t\n\n<p>Tom\u00e1\u0161 Pavelka Hair Cosmetics, Morava<br \/>tel. 605 173495<\/p>\n\n\t\t<\/div>\n\t\t\t\t\t<\/div>\n\n\t\n\n<\/div>\n<div class=\"row row-large\"  id=\"row-804189453\">\n\n\n<\/div>\n\n\t\t<\/div>\n\t\t\t\t\t<\/div>\n\n\t\n\n<\/div>","protected":false},"excerpt":{"rendered":"","protected":false},"author":1,"featured_media":0,"parent":0,"menu_order":0,"comment_status":"closed","ping_status":"closed","template":"page-left-sidebar.php","meta":{"footnotes":""},"class_list":["post-5113","page","type-page","status-publish","hentry"],"_links":{"self":[{"href":"https:\/\/layout.cz.hasami.com\/index.php?rest_route=\/wp\/v2\/pages\/5113","targetHints":{"allow":["GET"]}}],"collection":[{"href":"https:\/\/layout.cz.hasami.com\/index.php?rest_route=\/wp\/v2\/pages"}],"about":[{"href":"https:\/\/layout.cz.hasami.com\/index.php?rest_route=\/wp\/v2\/types\/page"}],"author":[{"embeddable":true,"href":"https:\/\/layout.cz.hasami.com\/index.php?rest_route=\/wp\/v2\/users\/1"}],"replies":[{"embeddable":true,"href":"https:\/\/layout.cz.hasami.com\/index.php?rest_route=%2Fwp%2Fv2%2Fcomments&post=5113"}],"version-history":[{"count":1,"href":"https:\/\/layout.cz.hasami.com\/index.php?rest_route=\/wp\/v2\/pages\/5113\/revisions"}],"predecessor-version":[{"id":5822,"href":"https:\/\/layout.cz.hasami.com\/index.php?rest_route=\/wp\/v2\/pages\/5113\/revisions\/5822"}],"wp:attachment":[{"href":"https:\/\/layout.cz.hasami.com\/index.php?rest_route=%2Fwp%2Fv2%2Fmedia&parent=5113"}],"curies":[{"name":"wp","href":"https:\/\/api.w.org\/{rel}","templated":true}]}}