{"id":5139,"date":"2021-05-10T18:25:34","date_gmt":"2021-05-10T16:25:34","guid":{"rendered":"https:\/\/layout.cz.hasami.com\/o-nas\/"},"modified":"2021-05-13T19:02:20","modified_gmt":"2021-05-13T17:02:20","slug":"o-nas","status":"publish","type":"page","link":"https:\/\/layout.cz.hasami.com\/?page_id=5139","title":{"rendered":"O N\u00c1S"},"content":{"rendered":"Origin\u00e1ln\u00ed japonsk\u00e9 n\u016f\u017eky HASAMI si na\u0161ly sv\u00e9 prvn\u00ed spokojen\u00e9 z\u00e1kazn\u00edky v \u010cR v roce 2005. Impulsem pro uveden\u00ed n\u016f\u017eek na \u010desk\u00fd trh bylo osobn\u00ed setk\u00e1n\u00ed s japonsk\u00fdmi tv\u016frci n\u016f\u017eek Hasami, rodinou Fumika-San a jeho syny, kte\u0159\u00ed po generace vlastn\u00ed tradi\u010dn\u00ed japonskou manufakturu s ru\u010dn\u00ed v\u00fdrobou n\u016f\u017eek.\n\n  Zna\u010dka HASAMI je p\u0159edev\u0161\u00edm genialita mistra Fumika-Sun a jeho t\u00fdmu, jeho nespo\u010det patentovan\u00fdch vylep\u0161en\u00ed origin\u00e1ln\u00edch n\u016f\u017eek, tvo\u0159en\u00fdch pod dohledem japonsk\u00fdch mistr\u016f, in\u017een\u00fdrsk\u00e1 znalost metalurgie materi\u00e1lu, zku\u0161enost a um vych\u00e1zejic\u00ed z tradic samurajsk\u00fdch me\u010d\u016f, p\u0159en\u00e1\u0161en\u00fdch z generace na generaci, a v posledn\u00ed dob\u011b zejm\u00e9na tv\u016fr\u010d\u00ed spolupr\u00e1ce s p\u0159edn\u00edmi vlasov\u00fdmi stylisty. \n\n    V\u00fdvoj a tvorba model\u016f n\u016f\u017eek na zak\u00e1zku pro p\u0159edn\u00ed sv\u011btov\u00e9 kade\u0159nick\u00e9 sal\u00f3ny je dal\u0161\u00ed aspekt, kter\u00fd n\u016f\u017ek\u00e1m HASAMI d\u00e1v\u00e1 pe\u010de\u0165 trendov\u00e9, presti\u017en\u00ed, \u017e\u00e1dan\u00e9 a kvalitn\u00ed japonsk\u00e9 zna\u010dky se 100 % z\u00e1rukou originality a p\u016fvodu Made in Japan.","protected":false},"excerpt":{"rendered":"<p>Origin\u00e1ln\u00ed japonsk\u00e9 n\u016f\u017eky HASAMI si na\u0161ly sv\u00e9 prvn\u00ed spokojen\u00e9 z\u00e1kazn\u00edky v \u010cR v roce 2005. Impulsem pro uveden\u00ed n\u016f\u017eek na \u010desk\u00fd trh bylo osobn\u00ed setk\u00e1n\u00ed s japonsk\u00fdmi tv\u016frci n\u016f\u017eek Hasami, rodinou Fumika-San a jeho syny, kte\u0159\u00ed po generace vlastn\u00ed tradi\u010dn\u00ed japonskou manufakturu s ru\u010dn\u00ed v\u00fdrobou n\u016f\u017eek. Zna\u010dka HASAMI je p\u0159edev\u0161\u00edm genialita mistra Fumika-Sun a jeho [&#8230;]\n","protected":false},"author":1,"featured_media":0,"parent":0,"menu_order":0,"comment_status":"closed","ping_status":"closed","template":"page-left-sidebar.php","meta":{"footnotes":""},"class_list":["post-5139","page","type-page","status-publish","hentry"],"_links":{"self":[{"href":"https:\/\/layout.cz.hasami.com\/index.php?rest_route=\/wp\/v2\/pages\/5139","targetHints":{"allow":["GET"]}}],"collection":[{"href":"https:\/\/layout.cz.hasami.com\/index.php?rest_route=\/wp\/v2\/pages"}],"about":[{"href":"https:\/\/layout.cz.hasami.com\/index.php?rest_route=\/wp\/v2\/types\/page"}],"author":[{"embeddable":true,"href":"https:\/\/layout.cz.hasami.com\/index.php?rest_route=\/wp\/v2\/users\/1"}],"replies":[{"embeddable":true,"href":"https:\/\/layout.cz.hasami.com\/index.php?rest_route=%2Fwp%2Fv2%2Fcomments&post=5139"}],"version-history":[{"count":0,"href":"https:\/\/layout.cz.hasami.com\/index.php?rest_route=\/wp\/v2\/pages\/5139\/revisions"}],"wp:attachment":[{"href":"https:\/\/layout.cz.hasami.com\/index.php?rest_route=%2Fwp%2Fv2%2Fmedia&parent=5139"}],"curies":[{"name":"wp","href":"https:\/\/api.w.org\/{rel}","templated":true}]}}