{"id":5159,"date":"2021-05-10T18:31:13","date_gmt":"2021-05-10T16:31:13","guid":{"rendered":"https:\/\/layout.cz.hasami.com\/otisk\/"},"modified":"2021-05-20T16:46:53","modified_gmt":"2021-05-20T14:46:53","slug":"otisk","status":"publish","type":"page","link":"https:\/\/layout.cz.hasami.com\/?page_id=5159","title":{"rendered":"Otisk"},"content":{"rendered":"<div class=\"row\"  id=\"row-586487982\">\n\n\n\t<div id=\"col-198250532\" class=\"col medium-6 small-12 large-6\"  >\n\t\t\t\t<div class=\"col-inner\"  >\n\t\t\t\n\t\t\t\n\n<p>Ji\u0159\u00ed \u0160ebor<br><br>Praha<br>Mob: 603 20 90 33<\/p>\n<p>E-Mail: <a href=\"mailto:hasami.praha@gmail.com\">hasami.praha@gmail.com<\/a><\/p>\n\n\t\t<\/div>\n\t\t\t\t\t<\/div>\n\n\t\n\n\t<div id=\"col-1681039934\" class=\"col medium-6 small-12 large-6\"  >\n\t\t\t\t<div class=\"col-inner\"  >\n\t\t\t\n\t\t\t\n\n<div class=\"left_sidebar col-sm-8 col-md-9 col-md-push-3 \" role=\"main\">\n<div id=\"th-content-page\">\n<div class=\"zn_content kl-blog-page-content\">\n<div class=\"itemBody kl-blog-page-body\">\n<p>Copyright: Gisbert M\u00fcller<\/p>\n<p>Photo credit:<\/p>\n<p><a href=\"https:\/\/www.pfalzweinfoto.de\/\"><strong>PFALZWEINFOTO <\/strong><\/a>Andr\u00e9 Kunz<\/p>\n<p>Design and programming: <a href=\"https:\/\/rehorweb.com\/\">visuals<\/a> | Stefanie Rehor, Kindenheim<\/p>\n<\/div>\n<\/div>\n<\/div>\n<\/div>\n<aside class=\" col-sm-4 col-md-3 col-md-pull-9\" role=\"complementary\"><div class=\"sticky-element-placeholder\"> <\/div>\n<div class=\"zn_sidebar sidebar kl-sidebar--light element-scheme--light sticky-element-original element-is-not-sticky sticky-element-active\"> <\/div>\n<\/aside>\n\n\t\t<\/div>\n\t\t\t\t\t<\/div>\n\n\t\n\n<\/div>\n<div class=\"row\"  id=\"row-412973567\">\n\n\n\t<div id=\"col-125488127\" class=\"col medium-6 small-12 large-6\"  >\n\t\t\t\t<div class=\"col-inner\"  >\n\t\t\t\n\t\t\t\n\n<p>1. Website content:<\/p>\n<p>The content of this website was created carefully and according to the current state of knowledge of the author. We are only responsible for this within the framework of general laws, in particular for our own content according to \u00a7 7 TMG, for third-party content \u00a7\u00a7 8 \u2013 10 TMG. As a service provider, we are responsible for third-party content at the earliest when we become aware of a specific legal violation. We reserve the right to change or delete the informational content in full or in part, provided that contractual obligations remain unaffected.<\/p>\n<p>2. Reference to external sites:<\/p>\n<p>The content of external websites to which we refer directly or indirectly (through \u201chyperlinks\u201d or \u201cdeep links\u201d) are outside our area of responsibility and we do not adopt them as our own. At the time the links were set, we did not see any illegal content on the linked websites. Since we have no influence whatsoever on the current and future design of the content of the linked websites, we expressly distance ourselves from all content on linked websites that was changed after the link was set. The provider of the linked website is solely liable for all content and in particular for damage resulting from the use of the information that can be accessed on the linked websites. If we become aware of illegal, unlawful or incorrect content on websites to which we link, we will remove the link.<\/p>\n\n\t\t<\/div>\n\t\t\t\t\t<\/div>\n\n\t\n\n\t<div id=\"col-1815003989\" class=\"col medium-6 small-12 large-6\"  >\n\t\t\t\t<div class=\"col-inner\"  >\n\t\t\t\n\t\t\t\n\n<p>3. Copyrights<\/p>\n<p>All content presented on this website, in particular texts, images, photos, graphics, music, brands, trademarks, are subject to the standards of German copyright law. The use, reproduction, etc. is subject to the rights of the respective author or rights administrator. If you want to use such works, we will be happy to put you in touch with the respective author \/ rights administrator on request.<\/p>\n<p>4. General equality:<\/p>\n<p>Usually only one gender is chosen in the texts to ensure better readability. Unaffected by this, the information on this website relates to all genders.<\/p>\n<p>This sample disclaimer for websites was created by the law firm Viola Lachenmann, http:\/\/www.kanzlei-lachenmann.de\/.<\/p>\n\n\t\t<\/div>\n\t\t\t\t\t<\/div>\n\n\t\n<div class=\"woocommerce woocommerce-gzd woocommerce-gzd-complaints-shortcode\">\n\t\t\t<h3>Alternative Dispute Resolution in accordance with Art. 14 (1) ODR-VO and \u00a7 36 VSBG:<\/h3>\n\t\n<p>Die Europ\u00e4ische Kommission stellt eine Plattform zur Online-Streitbeilegung (OS) bereit, die du unter <a href=\"https:\/\/ec.europa.eu\/consumers\/odr\" target=\"_blank\">https:\/\/ec.europa.eu\/consumers\/odr<\/a> findest. Zur Teilnahme an einem Streitbeilegungsverfahren vor einer Verbraucherschlichtungsstelle sind wir nicht verpflichtet und nicht bereit.<\/p>\n<\/div>\n<\/div>","protected":false},"excerpt":{"rendered":"","protected":false},"author":1,"featured_media":0,"parent":0,"menu_order":0,"comment_status":"closed","ping_status":"closed","template":"page-left-sidebar.php","meta":{"footnotes":""},"class_list":["post-5159","page","type-page","status-publish","hentry"],"_links":{"self":[{"href":"https:\/\/layout.cz.hasami.com\/index.php?rest_route=\/wp\/v2\/pages\/5159","targetHints":{"allow":["GET"]}}],"collection":[{"href":"https:\/\/layout.cz.hasami.com\/index.php?rest_route=\/wp\/v2\/pages"}],"about":[{"href":"https:\/\/layout.cz.hasami.com\/index.php?rest_route=\/wp\/v2\/types\/page"}],"author":[{"embeddable":true,"href":"https:\/\/layout.cz.hasami.com\/index.php?rest_route=\/wp\/v2\/users\/1"}],"replies":[{"embeddable":true,"href":"https:\/\/layout.cz.hasami.com\/index.php?rest_route=%2Fwp%2Fv2%2Fcomments&post=5159"}],"version-history":[{"count":0,"href":"https:\/\/layout.cz.hasami.com\/index.php?rest_route=\/wp\/v2\/pages\/5159\/revisions"}],"wp:attachment":[{"href":"https:\/\/layout.cz.hasami.com\/index.php?rest_route=%2Fwp%2Fv2%2Fmedia&parent=5159"}],"curies":[{"name":"wp","href":"https:\/\/api.w.org\/{rel}","templated":true}]}}