{"id":5202,"date":"2021-01-05T01:02:28","date_gmt":"2021-01-05T00:02:28","guid":{"rendered":"https:\/\/layout.cz.hasami.com\/novinky\/"},"modified":"2021-05-20T08:16:28","modified_gmt":"2021-05-20T06:16:28","slug":"novinky","status":"publish","type":"page","link":"https:\/\/layout.cz.hasami.com\/?page_id=5202","title":{"rendered":"NOVINKY"},"content":{"rendered":"<h1 class=\"wp-block-heading\">Availability during COVID-19<\/h1><p>We look forward to having hairdressers in Germany go back to work.<\/p><p>In Deutschland ist dieses Licht am Ende des Tunnels leider noch nicht zu sehen, obwohl die Zahlen so deutlich sinken. Aber ein verfr\u00fchter Beginn kann schnell wieder exponentielles Wachstum der Infektionen nach sich ziehen, auch wenn Friseure hierzu nicht beigetragen haben. <\/p><p>Ich dr\u00fccke die Daumen, dass alle Salons diese bizarre Situation \u00fcberstehen und die Bad Hair Months bald vor\u00fcber sind.<\/p><p>We will of course remain available for you during the crisis and beyond and would be happy if you want to use the time to get your tools in good shape before your salon opens.<\/p><p>Bleibt gesund und frohen Mutes<\/p><p>Your Hasami team<\/p><h1 class=\"wp-block-heading\">Impressions from previous trade fairs<\/h1><figure class=\"wp-block-embed-youtube wp-block-embed is-type-rich is-provider-handler-einbetten wp-embed-aspect-16-9 wp-has-aspect-ratio\"><div class=\"wp-block-embed__wrapper\">\n<iframe loading=\"lazy\" title=\"hasami\" width=\"1020\" height=\"574\" src=\"https:\/\/www.youtube.com\/embed\/4iHjz7Q8iaQ?feature=oembed\" frameborder=\"0\" allow=\"accelerometer; autoplay; clipboard-write; encrypted-media; gyroscope; picture-in-picture\" allowfullscreen><\/iframe>\n<\/div><\/figure><p><a href=\"https:\/\/www.youtube.com\/watch?v=P7MmkSqXP9g\">Hasami on YouTube<\/a><\/p><figure class=\"wp-block-video\"><video controls src=\"https:\/\/layout.cz.hasami.com\/wp-content\/uploads\/2020\/10\/hasami2017_720.mp4\"><\/video><\/figure>","protected":false},"excerpt":{"rendered":"<p>Availability during COVID-19 We look forward to having hairdressers in Germany go back to work. In Deutschland ist dieses Licht am Ende des Tunnels leider noch nicht zu sehen, obwohl die Zahlen so deutlich sinken. Aber ein verfr\u00fchter Beginn kann schnell wieder exponentielles Wachstum der Infektionen nach sich ziehen, auch wenn Friseure hierzu nicht beigetragen [&#8230;]\n","protected":false},"author":1,"featured_media":0,"parent":0,"menu_order":0,"comment_status":"closed","ping_status":"closed","template":"page-left-sidebar.php","meta":{"footnotes":""},"class_list":["post-5202","page","type-page","status-publish","hentry"],"_links":{"self":[{"href":"https:\/\/layout.cz.hasami.com\/index.php?rest_route=\/wp\/v2\/pages\/5202","targetHints":{"allow":["GET"]}}],"collection":[{"href":"https:\/\/layout.cz.hasami.com\/index.php?rest_route=\/wp\/v2\/pages"}],"about":[{"href":"https:\/\/layout.cz.hasami.com\/index.php?rest_route=\/wp\/v2\/types\/page"}],"author":[{"embeddable":true,"href":"https:\/\/layout.cz.hasami.com\/index.php?rest_route=\/wp\/v2\/users\/1"}],"replies":[{"embeddable":true,"href":"https:\/\/layout.cz.hasami.com\/index.php?rest_route=%2Fwp%2Fv2%2Fcomments&post=5202"}],"version-history":[{"count":0,"href":"https:\/\/layout.cz.hasami.com\/index.php?rest_route=\/wp\/v2\/pages\/5202\/revisions"}],"wp:attachment":[{"href":"https:\/\/layout.cz.hasami.com\/index.php?rest_route=%2Fwp%2Fv2%2Fmedia&parent=5202"}],"curies":[{"name":"wp","href":"https:\/\/api.w.org\/{rel}","templated":true}]}}