{"id":3496,"date":"2020-12-14T13:25:40","date_gmt":"2020-12-14T12:25:40","guid":{"rendered":"http:\/\/wp.hasami.de\/?post_type=product&#038;p=3496"},"modified":"2021-06-08T12:17:25","modified_gmt":"2021-06-08T10:17:25","slug":"chameleon-shinjuku-japanische-modellierschere2-2","status":"publish","type":"product","link":"https:\/\/layout.cz.hasami.com\/?product=chameleon-shinjuku-japanische-modellierschere2-2","title":{"rendered":"CHAMELEON SHINJUKU &#8211; japonsk\u00e9 efila\u010dn\u00ed n\u016f\u017eky"},"content":{"rendered":"<p>Die Chameleon Shinjuku ist die Schwester der limitierten Harajuku. Sie bietet einen hervorragenden Halt und kombiniert extravagantes Design mit der Funktionalit\u00e4t und Flexibilit\u00e4t der Chameleon Serie. Die Shinjuku vereint wie keine andere Schere Design, Komfort und Exklusivit\u00e4t mit japanischer Pr\u00e4zision. Benannt ist diese avantgardistische Schere nach Shinjuku, dem quirligsten Stadtteil Tokyos.<br \/>\nSelbstverst\u00e4ndlich ist auch die Shinjuku mit allen Klingen aus der patentierten Chameleon-Serie kombinierbar.<\/p>\n","protected":false},"excerpt":{"rendered":"<p>Extravagantes Design kombiniert mit hoher Funktionalit\u00e4t und patentierter Wechselklingen-Technik.<\/p>\n","protected":false},"featured_media":2959,"template":"","meta":[],"product_cat":[408,414,420,416],"product_tag":[],"class_list":{"0":"post-3496","1":"product","2":"type-product","3":"status-publish","4":"has-post-thumbnail","6":"product_cat-scissors-cs","7":"product_cat-righthand-scissors-cs","8":"product_cat-chameleon-cz","9":"product_cat-righthand-thinning-scissors-cs","11":"first","12":"instock","13":"taxable","14":"shipping-taxable","15":"purchasable","16":"product-type-variable","17":"has-default-attributes"},"_links":{"self":[{"href":"https:\/\/layout.cz.hasami.com\/index.php?rest_route=\/wp\/v2\/product\/3496","targetHints":{"allow":["GET"]}}],"collection":[{"href":"https:\/\/layout.cz.hasami.com\/index.php?rest_route=\/wp\/v2\/product"}],"about":[{"href":"https:\/\/layout.cz.hasami.com\/index.php?rest_route=\/wp\/v2\/types\/product"}],"wp:featuredmedia":[{"embeddable":true,"href":"https:\/\/layout.cz.hasami.com\/index.php?rest_route=\/wp\/v2\/media\/2959"}],"wp:attachment":[{"href":"https:\/\/layout.cz.hasami.com\/index.php?rest_route=%2Fwp%2Fv2%2Fmedia&parent=3496"}],"wp:term":[{"taxonomy":"product_cat","embeddable":true,"href":"https:\/\/layout.cz.hasami.com\/index.php?rest_route=%2Fwp%2Fv2%2Fproduct_cat&post=3496"},{"taxonomy":"product_tag","embeddable":true,"href":"https:\/\/layout.cz.hasami.com\/index.php?rest_route=%2Fwp%2Fv2%2Fproduct_tag&post=3496"}],"curies":[{"name":"wp","href":"https:\/\/api.w.org\/{rel}","templated":true}]}}