{"id":5322,"date":"2020-12-14T13:16:28","date_gmt":"2020-12-14T12:16:28","guid":{"rendered":"https:\/\/layout.cz.hasami.com\/?product=chameleon-ds-2d-japanische-modellierschere2"},"modified":"2021-05-28T18:44:50","modified_gmt":"2021-05-28T16:44:50","slug":"chameleon-ds-2d-japonske-efilacni-nuzky2","status":"publish","type":"product","link":"https:\/\/layout.cz.hasami.com\/?product=chameleon-ds-2d-japonske-efilacni-nuzky2","title":{"rendered":"CHAMELEON DS-2D \u2013 japonsk\u00e9 efila\u010dn\u00ed n\u016f\u017eky"},"content":{"rendered":"<p>Die Chameleon DS-2D ist eine besondere Schere mit 2-dimensionalem Daumenauge: Es l\u00e4sst sich um 360 Grad drehen. Flache, einrastende Einstellschraube, feste Fingerauflage. Innenliegende Schrauben schaffen vollkommen glatte Oberfl\u00e4chen am Daumenring, neue Lagerungen bewirken absolut leichtg\u00e4ngige Drehbewegungen, die Schenkel sind so flach gehalten, dass sich die Schere m\u00fchelos in der geschlossenen Hand halten l\u00e4sst, um entspannt mit dem Kamm arbeiten zu k\u00f6nnen. Dieser Griff ist mit allen Klingen der Chameleon Serie kombinierbar.<\/p>\n","protected":false},"excerpt":{"rendered":"<p>Flexibilit\u00e4t mit 2-dimensionaler Drehbewegung im Daumenauge, das beidseitig gleich ausgeformt ist, nat\u00fcrlich mit allen Klingen der Chameleon-Serie kombinierbar.<\/p>\n","protected":false},"featured_media":5323,"template":"","meta":[],"product_cat":[431,432,436,414,420,416],"product_tag":[],"class_list":{"0":"post-5322","1":"product","2":"type-product","3":"status-publish","4":"has-post-thumbnail","6":"product_cat-scissors-cs-cs","7":"product_cat-products-cs-cs","8":"product_cat-unkategorisiert-cs","9":"product_cat-righthand-scissors-cs","10":"product_cat-chameleon-cz","11":"product_cat-righthand-thinning-scissors-cs","12":"pa_00-groesse-437","13":"pa_00-groesse-438","14":"pa_00-groesse-5-cs","15":"pa_00-groesse-440","16":"pa_00-groesse-441","17":"pa_01-zahnung-15-zaber-65-cs","18":"pa_01-zahnung-30-zaber-40-cs","19":"pa_02-griff-ergonomicke","20":"pa_02-griff-otocne-oko","21":"pa_03-schraube-snaps-flat-cs","22":"pa_04-fingerauflage-fixed-cs","23":"pa_05-daumenauge-swivel-joint-cs","24":"pa_06-schliff-02-konkav-konvex-cs","26":"first","27":"instock","28":"taxable","29":"shipping-taxable","30":"purchasable","31":"product-type-variable","32":"has-default-attributes"},"_links":{"self":[{"href":"https:\/\/layout.cz.hasami.com\/index.php?rest_route=\/wp\/v2\/product\/5322","targetHints":{"allow":["GET"]}}],"collection":[{"href":"https:\/\/layout.cz.hasami.com\/index.php?rest_route=\/wp\/v2\/product"}],"about":[{"href":"https:\/\/layout.cz.hasami.com\/index.php?rest_route=\/wp\/v2\/types\/product"}],"wp:featuredmedia":[{"embeddable":true,"href":"https:\/\/layout.cz.hasami.com\/index.php?rest_route=\/wp\/v2\/media\/5323"}],"wp:attachment":[{"href":"https:\/\/layout.cz.hasami.com\/index.php?rest_route=%2Fwp%2Fv2%2Fmedia&parent=5322"}],"wp:term":[{"taxonomy":"product_cat","embeddable":true,"href":"https:\/\/layout.cz.hasami.com\/index.php?rest_route=%2Fwp%2Fv2%2Fproduct_cat&post=5322"},{"taxonomy":"product_tag","embeddable":true,"href":"https:\/\/layout.cz.hasami.com\/index.php?rest_route=%2Fwp%2Fv2%2Fproduct_tag&post=5322"}],"curies":[{"name":"wp","href":"https:\/\/api.w.org\/{rel}","templated":true}]}}