{"id":5388,"date":"2020-12-14T12:59:13","date_gmt":"2020-12-14T11:59:13","guid":{"rendered":"https:\/\/layout.cz.hasami.com\/?product=chameleon-straight-japanische-modellierschere2"},"modified":"2021-05-28T18:35:44","modified_gmt":"2021-05-28T16:35:44","slug":"chameleon-straight-japonske-efilacni-nuzky","status":"publish","type":"product","link":"https:\/\/layout.cz.hasami.com\/?product=chameleon-straight-japonske-efilacni-nuzky","title":{"rendered":"CHAMELEON STRAIGHT &#8211; japonsk\u00e9 efila\u010dn\u00ed n\u016f\u017eky"},"content":{"rendered":"<p>Die Chameleon Straight ist etwas f\u00fcr Freunde der klassischen Scheren, die aber nicht auf die Vorz\u00fcge und vielf\u00e4ltigen M\u00f6glichkeiten der neuen Technologie verzichten wollen. Klingen in den Gr\u00f6\u00dfen 5\u2033, 5,5\u201c, 5,8\u201c, 6,3\u201c, 6,8\u201c sowie die beide verschiedene Modellierscheren Varianten 30 (cut 40%) und Space Cut 15 (65%) in den Ausf\u00fchrungen EU &#038; JA montierbar. Klingen jederzeit mit wenigen Handgriffen wechselbar. Flexibilit\u00e4t auf h\u00f6chstem Niveau. Gro\u00dfe Augen, abnehmbare Fingerauflage beidseitig montierbar, flache einrastende Einstellschraube<\/p>\n","protected":false},"excerpt":{"rendered":"<p>Klassische Griffform, nat\u00fcrlich mit allen Klingen der Chameleon-Serie kombinierbar.<\/p>\n","protected":false},"featured_media":5389,"template":"","meta":[],"product_cat":[431,432,436,414,420,416],"product_tag":[],"class_list":{"0":"post-5388","1":"product","2":"type-product","3":"status-publish","4":"has-post-thumbnail","6":"product_cat-scissors-cs-cs","7":"product_cat-products-cs-cs","8":"product_cat-unkategorisiert-cs","9":"product_cat-righthand-scissors-cs","10":"product_cat-chameleon-cz","11":"product_cat-righthand-thinning-scissors-cs","12":"pa_00-groesse-437","13":"pa_00-groesse-438","14":"pa_00-groesse-5-cs","15":"pa_00-groesse-440","16":"pa_00-groesse-441","17":"pa_01-zahnung-15-zaber-65-cs","18":"pa_01-zahnung-30-zaber-40-cs","19":"pa_02-griff-klasicke","20":"pa_03-schraube-snaps-flat-cs","21":"pa_04-fingerauflage-removable","22":"pa_05-daumenauge-straight","23":"pa_06-schliff-02-konkav-konvex-cs","25":"first","26":"instock","27":"taxable","28":"shipping-taxable","29":"purchasable","30":"product-type-variable","31":"has-default-attributes"},"_links":{"self":[{"href":"https:\/\/layout.cz.hasami.com\/index.php?rest_route=\/wp\/v2\/product\/5388","targetHints":{"allow":["GET"]}}],"collection":[{"href":"https:\/\/layout.cz.hasami.com\/index.php?rest_route=\/wp\/v2\/product"}],"about":[{"href":"https:\/\/layout.cz.hasami.com\/index.php?rest_route=\/wp\/v2\/types\/product"}],"wp:featuredmedia":[{"embeddable":true,"href":"https:\/\/layout.cz.hasami.com\/index.php?rest_route=\/wp\/v2\/media\/5389"}],"wp:attachment":[{"href":"https:\/\/layout.cz.hasami.com\/index.php?rest_route=%2Fwp%2Fv2%2Fmedia&parent=5388"}],"wp:term":[{"taxonomy":"product_cat","embeddable":true,"href":"https:\/\/layout.cz.hasami.com\/index.php?rest_route=%2Fwp%2Fv2%2Fproduct_cat&post=5388"},{"taxonomy":"product_tag","embeddable":true,"href":"https:\/\/layout.cz.hasami.com\/index.php?rest_route=%2Fwp%2Fv2%2Fproduct_tag&post=5388"}],"curies":[{"name":"wp","href":"https:\/\/api.w.org\/{rel}","templated":true}]}}