{"id":5410,"date":"2020-12-14T12:55:42","date_gmt":"2020-12-14T11:55:42","guid":{"rendered":"https:\/\/layout.cz.hasami.com\/?product=chameleon-silver-japanische-friseurschere2"},"modified":"2021-05-28T18:33:46","modified_gmt":"2021-05-28T16:33:46","slug":"chameleon-silver-japonske-kadernicke-nuzky","status":"publish","type":"product","link":"https:\/\/layout.cz.hasami.com\/?product=chameleon-silver-japonske-kadernicke-nuzky","title":{"rendered":"CHAMELEON SILVER &#8211; japonsk\u00e9 kade\u0159nick\u00e9 n\u016f\u017eky"},"content":{"rendered":"<p>Dieser Griff ist die Basis des patentierten Chameleon-Systems: immer perfekt balanciert, egal mit welcher Klinge kombiniert. Der ergonomische Griff mit einem leicht geschwungenen Daumenauge bietet hohen Komfort bei bestem Halt. Falls Sie eines Tages auf eine andere Gr\u00f6\u00dfe wechseln m\u00f6chten oder aus Ihrer Chameleon eine Modellierschere machen wollen \u2013 mit wenigen Handgriffen ist das erledigt. Flexibilit\u00e4t auf allerh\u00f6chstem Niveau, die sich amortisiert. Die Schere ist mit flacher einrastender Einstellschraube, fester Fingerauflage und ergonomische Griff ausgestattet.<\/p>\n","protected":false},"excerpt":{"rendered":"<p>Ergonomisch geformter Griff mit fester Fingerauflage und leicht geschwungenem Daumenauge, nat\u00fcrlich mit allen Klingen der Chameleon-Serie kombinierbar.<\/p>\n","protected":false},"featured_media":5411,"template":"","meta":[],"product_cat":[431,432,436,414,415,420],"product_tag":[],"class_list":{"0":"post-5410","1":"product","2":"type-product","3":"status-publish","4":"has-post-thumbnail","6":"product_cat-scissors-cs-cs","7":"product_cat-products-cs-cs","8":"product_cat-unkategorisiert-cs","9":"product_cat-righthand-scissors-cs","10":"product_cat-righthand-cutting-scissors-cs","11":"product_cat-chameleon-cz","12":"pa_00-groesse-437","13":"pa_00-groesse-438","14":"pa_00-groesse-5-cs","15":"pa_00-groesse-440","16":"pa_00-groesse-441","17":"pa_01-zahnung-15-zaber-65-cs","18":"pa_01-zahnung-30-zaber-40-cs","19":"pa_02-griff-ergonomicke","20":"pa_03-schraube-snaps-flat-cs","21":"pa_04-fingerauflage-fixed-cs","22":"pa_05-daumenauge-bent-cs","23":"pa_06-schliff-02-konkav-konvex-cs","25":"first","26":"instock","27":"taxable","28":"shipping-taxable","29":"purchasable","30":"product-type-variable","31":"has-default-attributes"},"_links":{"self":[{"href":"https:\/\/layout.cz.hasami.com\/index.php?rest_route=\/wp\/v2\/product\/5410","targetHints":{"allow":["GET"]}}],"collection":[{"href":"https:\/\/layout.cz.hasami.com\/index.php?rest_route=\/wp\/v2\/product"}],"about":[{"href":"https:\/\/layout.cz.hasami.com\/index.php?rest_route=\/wp\/v2\/types\/product"}],"wp:featuredmedia":[{"embeddable":true,"href":"https:\/\/layout.cz.hasami.com\/index.php?rest_route=\/wp\/v2\/media\/5411"}],"wp:attachment":[{"href":"https:\/\/layout.cz.hasami.com\/index.php?rest_route=%2Fwp%2Fv2%2Fmedia&parent=5410"}],"wp:term":[{"taxonomy":"product_cat","embeddable":true,"href":"https:\/\/layout.cz.hasami.com\/index.php?rest_route=%2Fwp%2Fv2%2Fproduct_cat&post=5410"},{"taxonomy":"product_tag","embeddable":true,"href":"https:\/\/layout.cz.hasami.com\/index.php?rest_route=%2Fwp%2Fv2%2Fproduct_tag&post=5410"}],"curies":[{"name":"wp","href":"https:\/\/api.w.org\/{rel}","templated":true}]}}