{"id":5432,"date":"2020-12-14T12:48:27","date_gmt":"2020-12-14T11:48:27","guid":{"rendered":"https:\/\/layout.cz.hasami.com\/?product=chameleon-harajuku-japanische-friseurschere2"},"modified":"2021-06-08T12:05:27","modified_gmt":"2021-06-08T10:05:27","slug":"chameleon-harajuku-japonske-nuzky","status":"publish","type":"product","link":"https:\/\/layout.cz.hasami.com\/?product=chameleon-harajuku-japonske-nuzky","title":{"rendered":"CHAMELEON HARAJUKU &#8211; Japonsk\u00e9 n\u016f\u017eky"},"content":{"rendered":"<p>Harajuku hei\u00dft dieses Meisterwerk japanischer Schmiedekunst. Wie der verr\u00fcckteste und grellste Stadtteil Tokyos, in dem die neusten Trends entstehen und nicht nur Haarmode st\u00e4ndig neu definiert wird.<br \/>\nSelbstverst\u00e4ndlich ist auch die Harajuku mit allen Klingen aus der patentierten Chameleon-Serie kombinierbar.<\/p>\n","protected":false},"excerpt":{"rendered":"<p>Streng limitiert mit extravagantem Design und der patentierter Wechselklingen-Technik.<\/p>\n","protected":false},"featured_media":5433,"template":"","meta":[],"product_cat":[431,432,436,414,415,420],"product_tag":[],"class_list":{"0":"post-5432","1":"product","2":"type-product","3":"status-publish","4":"has-post-thumbnail","6":"product_cat-scissors-cs-cs","7":"product_cat-products-cs-cs","8":"product_cat-unkategorisiert-cs","9":"product_cat-righthand-scissors-cs","10":"product_cat-righthand-cutting-scissors-cs","11":"product_cat-chameleon-cz","12":"pa_00-groesse-437","13":"pa_00-groesse-438","14":"pa_00-groesse-5-cs","15":"pa_00-groesse-440","16":"pa_00-groesse-441","17":"pa_01-zahnung-15-zaber-65-cs","18":"pa_01-zahnung-30-zaber-40-cs","19":"pa_02-griff-ergonomicke","20":"pa_03-schraube-snaps-flat-cs","21":"pa_04-fingerauflage-fixed-cs","22":"pa_05-daumenauge-bent-cs","23":"pa_06-schliff-02-konkav-konvex-cs","25":"first","26":"instock","27":"taxable","28":"shipping-taxable","29":"purchasable","30":"product-type-variable","31":"has-default-attributes"},"_links":{"self":[{"href":"https:\/\/layout.cz.hasami.com\/index.php?rest_route=\/wp\/v2\/product\/5432","targetHints":{"allow":["GET"]}}],"collection":[{"href":"https:\/\/layout.cz.hasami.com\/index.php?rest_route=\/wp\/v2\/product"}],"about":[{"href":"https:\/\/layout.cz.hasami.com\/index.php?rest_route=\/wp\/v2\/types\/product"}],"wp:featuredmedia":[{"embeddable":true,"href":"https:\/\/layout.cz.hasami.com\/index.php?rest_route=\/wp\/v2\/media\/5433"}],"wp:attachment":[{"href":"https:\/\/layout.cz.hasami.com\/index.php?rest_route=%2Fwp%2Fv2%2Fmedia&parent=5432"}],"wp:term":[{"taxonomy":"product_cat","embeddable":true,"href":"https:\/\/layout.cz.hasami.com\/index.php?rest_route=%2Fwp%2Fv2%2Fproduct_cat&post=5432"},{"taxonomy":"product_tag","embeddable":true,"href":"https:\/\/layout.cz.hasami.com\/index.php?rest_route=%2Fwp%2Fv2%2Fproduct_tag&post=5432"}],"curies":[{"name":"wp","href":"https:\/\/api.w.org\/{rel}","templated":true}]}}