{"id":5443,"date":"2020-12-14T12:36:59","date_gmt":"2020-12-14T11:36:59","guid":{"rendered":"https:\/\/layout.cz.hasami.com\/?product=chameleon-ds-2d-ergo-japanische-modellierschere2"},"modified":"2021-05-28T18:15:25","modified_gmt":"2021-05-28T16:15:25","slug":"chameleon-ds-2d-ergo-japonske-efilacni-nuzky","status":"publish","type":"product","link":"https:\/\/layout.cz.hasami.com\/?product=chameleon-ds-2d-ergo-japonske-efilacni-nuzky","title":{"rendered":"CHAMELEON DS 2D Ergo &#8211; japonsk\u00e9 efila\u010dn\u00ed n\u016f\u017eky"},"content":{"rendered":"<p>Die Chameleon DS-2D Ergo ist eine besondere Schere mit 2-dimensionalem Daumenauge: Es l\u00e4sst sich um 360 Grad drehen. Das Daumenauge ist konisch geformt und filigran ausgearbeitet und bieten einen hervorragenden und komfortablen Halt. Flache, einrastende Einstellschraube, feste Fingerauflage. Innenliegende Schrauben schaffen vollkommen glatte Oberfl\u00e4chen, neue Lagerungen bewirken absolut leichtg\u00e4ngige Drehbewegungen, die Schenkel sind so flach gehalten, dass sich die Schere m\u00fchelos in der geschlossenen Hand halten l\u00e4sst, um entspannt mit dem Kamm arbeiten zu k\u00f6nnen. Dieser Griff ist mit allen Klingen der Chameleon Serie kombinierbar.<\/p>\n","protected":false},"excerpt":{"rendered":"<p>Flexibilit\u00e4t mit 2-dimensionaler Drehbewegung im Daumenauge, das komfortabel konisch geformt ist, nat\u00fcrlich mit allen Vorz\u00fcgen der Chameleon Serie und patentierter Wechselklingen-Technik<\/p>\n","protected":false},"featured_media":5444,"template":"","meta":[],"product_cat":[431,432,436,420,416],"product_tag":[455,456,454],"class_list":{"0":"post-5443","1":"product","2":"type-product","3":"status-publish","4":"has-post-thumbnail","6":"product_cat-scissors-cs-cs","7":"product_cat-products-cs-cs","8":"product_cat-unkategorisiert-cs","9":"product_cat-chameleon-cz","10":"product_cat-righthand-thinning-scissors-cs","11":"product_tag-conical-thumb-ring-cs","12":"product_tag-patented-interchangeable-blade-technology-cs","13":"product_tag-thumb-eye-can-be-rotated-360-degrees","14":"pa_00-groesse-437","15":"pa_00-groesse-438","16":"pa_00-groesse-5-cs","17":"pa_00-groesse-440","18":"pa_00-groesse-441","19":"pa_01-zahnung-15-zaber-65-cs","20":"pa_01-zahnung-30-zaber-40-cs","21":"pa_02-griff-ergonomicke","22":"pa_02-griff-otocne-oko","23":"pa_03-schraube-snaps-flat-cs","24":"pa_04-fingerauflage-fixed-cs","25":"pa_05-daumenauge-swivel-joint-cs","26":"pa_06-schliff-02-konkav-konvex-cs","28":"first","29":"instock","30":"taxable","31":"shipping-taxable","32":"purchasable","33":"product-type-variable","34":"has-default-attributes"},"_links":{"self":[{"href":"https:\/\/layout.cz.hasami.com\/index.php?rest_route=\/wp\/v2\/product\/5443","targetHints":{"allow":["GET"]}}],"collection":[{"href":"https:\/\/layout.cz.hasami.com\/index.php?rest_route=\/wp\/v2\/product"}],"about":[{"href":"https:\/\/layout.cz.hasami.com\/index.php?rest_route=\/wp\/v2\/types\/product"}],"wp:featuredmedia":[{"embeddable":true,"href":"https:\/\/layout.cz.hasami.com\/index.php?rest_route=\/wp\/v2\/media\/5444"}],"wp:attachment":[{"href":"https:\/\/layout.cz.hasami.com\/index.php?rest_route=%2Fwp%2Fv2%2Fmedia&parent=5443"}],"wp:term":[{"taxonomy":"product_cat","embeddable":true,"href":"https:\/\/layout.cz.hasami.com\/index.php?rest_route=%2Fwp%2Fv2%2Fproduct_cat&post=5443"},{"taxonomy":"product_tag","embeddable":true,"href":"https:\/\/layout.cz.hasami.com\/index.php?rest_route=%2Fwp%2Fv2%2Fproduct_tag&post=5443"}],"curies":[{"name":"wp","href":"https:\/\/api.w.org\/{rel}","templated":true}]}}