{"id":5472,"date":"2020-10-30T18:31:07","date_gmt":"2020-10-30T17:31:07","guid":{"rendered":"https:\/\/layout.cz.hasami.com\/?product=hasami-serezavac"},"modified":"2021-05-31T01:34:39","modified_gmt":"2021-05-30T23:34:39","slug":"hasami-serezavac","status":"publish","type":"product","link":"https:\/\/layout.cz.hasami.com\/?product=hasami-serezavac","title":{"rendered":"Hasami se\u0159ez\u00e1va\u010d"},"content":{"rendered":"","protected":false},"excerpt":{"rendered":"","protected":false},"featured_media":5473,"template":"","meta":[],"product_cat":[432,426,404],"product_tag":[],"class_list":{"0":"post-5472","1":"product","2":"type-product","3":"status-publish","4":"has-post-thumbnail","6":"product_cat-products-cs-cs","7":"product_cat-accessories-cs","8":"product_cat-razor-cs","10":"first","11":"instock","12":"taxable","13":"shipping-taxable","14":"purchasable","15":"product-type-simple"},"_links":{"self":[{"href":"https:\/\/layout.cz.hasami.com\/index.php?rest_route=\/wp\/v2\/product\/5472","targetHints":{"allow":["GET"]}}],"collection":[{"href":"https:\/\/layout.cz.hasami.com\/index.php?rest_route=\/wp\/v2\/product"}],"about":[{"href":"https:\/\/layout.cz.hasami.com\/index.php?rest_route=\/wp\/v2\/types\/product"}],"wp:featuredmedia":[{"embeddable":true,"href":"https:\/\/layout.cz.hasami.com\/index.php?rest_route=\/wp\/v2\/media\/5473"}],"wp:attachment":[{"href":"https:\/\/layout.cz.hasami.com\/index.php?rest_route=%2Fwp%2Fv2%2Fmedia&parent=5472"}],"wp:term":[{"taxonomy":"product_cat","embeddable":true,"href":"https:\/\/layout.cz.hasami.com\/index.php?rest_route=%2Fwp%2Fv2%2Fproduct_cat&post=5472"},{"taxonomy":"product_tag","embeddable":true,"href":"https:\/\/layout.cz.hasami.com\/index.php?rest_route=%2Fwp%2Fv2%2Fproduct_tag&post=5472"}],"curies":[{"name":"wp","href":"https:\/\/api.w.org\/{rel}","templated":true}]}}