{"id":5478,"date":"2020-10-30T18:16:35","date_gmt":"2020-10-30T17:16:35","guid":{"rendered":"https:\/\/layout.cz.hasami.com\/?product=jeleni-kuze-na-cisteni-nuzek"},"modified":"2021-05-31T01:37:03","modified_gmt":"2021-05-30T23:37:03","slug":"jeleni-kuze-na-cisteni-nuzek","status":"publish","type":"product","link":"https:\/\/layout.cz.hasami.com\/?product=jeleni-kuze-na-cisteni-nuzek","title":{"rendered":"Jelen\u00ed k\u016f\u017ee na \u010di\u0161t\u011bn\u00ed n\u016f\u017eek"},"content":{"rendered":"","protected":false},"excerpt":{"rendered":"","protected":false},"featured_media":5479,"template":"","meta":[],"product_cat":[432,436,426,407],"product_tag":[],"class_list":{"0":"post-5478","1":"product","2":"type-product","3":"status-publish","4":"has-post-thumbnail","6":"product_cat-products-cs-cs","7":"product_cat-unkategorisiert-cs","8":"product_cat-accessories-cs","9":"product_cat-various-cs","11":"first","12":"instock","13":"featured","14":"taxable","15":"shipping-taxable","16":"purchasable","17":"product-type-simple"},"_links":{"self":[{"href":"https:\/\/layout.cz.hasami.com\/index.php?rest_route=\/wp\/v2\/product\/5478","targetHints":{"allow":["GET"]}}],"collection":[{"href":"https:\/\/layout.cz.hasami.com\/index.php?rest_route=\/wp\/v2\/product"}],"about":[{"href":"https:\/\/layout.cz.hasami.com\/index.php?rest_route=\/wp\/v2\/types\/product"}],"wp:featuredmedia":[{"embeddable":true,"href":"https:\/\/layout.cz.hasami.com\/index.php?rest_route=\/wp\/v2\/media\/5479"}],"wp:attachment":[{"href":"https:\/\/layout.cz.hasami.com\/index.php?rest_route=%2Fwp%2Fv2%2Fmedia&parent=5478"}],"wp:term":[{"taxonomy":"product_cat","embeddable":true,"href":"https:\/\/layout.cz.hasami.com\/index.php?rest_route=%2Fwp%2Fv2%2Fproduct_cat&post=5478"},{"taxonomy":"product_tag","embeddable":true,"href":"https:\/\/layout.cz.hasami.com\/index.php?rest_route=%2Fwp%2Fv2%2Fproduct_tag&post=5478"}],"curies":[{"name":"wp","href":"https:\/\/api.w.org\/{rel}","templated":true}]}}