{"id":5588,"date":"2020-10-07T21:18:00","date_gmt":"2020-10-07T19:18:00","guid":{"rendered":"https:\/\/layout.cz.hasami.com\/?product=gee-space-cut-japonske-kadernicke-nuzky"},"modified":"2021-05-30T22:08:12","modified_gmt":"2021-05-30T20:08:12","slug":"gee-space-cut-japonske-kadernicke-nuzky","status":"publish","type":"product","link":"https:\/\/layout.cz.hasami.com\/?product=gee-space-cut-japonske-kadernicke-nuzky","title":{"rendered":"GEE SPACE CUT &#8211; japonsk\u00e9 kade\u0159nick\u00e9 n\u016f\u017eky"},"content":{"rendered":"","protected":false},"excerpt":{"rendered":"","protected":false},"featured_media":5589,"template":"","meta":[],"product_cat":[431,432,436,414,416],"product_tag":[461,435],"class_list":{"0":"post-5588","1":"product","2":"type-product","3":"status-publish","4":"has-post-thumbnail","6":"product_cat-scissors-cs-cs","7":"product_cat-products-cs-cs","8":"product_cat-unkategorisiert-cs","9":"product_cat-righthand-scissors-cs","10":"product_cat-righthand-thinning-scissors-cs","11":"product_tag-evropska-verze","12":"product_tag-fixed-fingerest-cs","13":"pa_01-zahnung-14-zaber-80-cs","14":"pa_02-griff-ergonomicke","15":"pa_03-schraube-snaps-flat-cs","16":"pa_04-fingerauflage-fixed-cs","17":"pa_05-daumenauge-bent-cs","18":"pa_06-schliff-02-konkav-konvex-cs","19":"pa_07-kugellager-ano","21":"first","22":"instock","23":"taxable","24":"shipping-taxable","25":"product-type-variable"},"_links":{"self":[{"href":"https:\/\/layout.cz.hasami.com\/index.php?rest_route=\/wp\/v2\/product\/5588","targetHints":{"allow":["GET"]}}],"collection":[{"href":"https:\/\/layout.cz.hasami.com\/index.php?rest_route=\/wp\/v2\/product"}],"about":[{"href":"https:\/\/layout.cz.hasami.com\/index.php?rest_route=\/wp\/v2\/types\/product"}],"wp:featuredmedia":[{"embeddable":true,"href":"https:\/\/layout.cz.hasami.com\/index.php?rest_route=\/wp\/v2\/media\/5589"}],"wp:attachment":[{"href":"https:\/\/layout.cz.hasami.com\/index.php?rest_route=%2Fwp%2Fv2%2Fmedia&parent=5588"}],"wp:term":[{"taxonomy":"product_cat","embeddable":true,"href":"https:\/\/layout.cz.hasami.com\/index.php?rest_route=%2Fwp%2Fv2%2Fproduct_cat&post=5588"},{"taxonomy":"product_tag","embeddable":true,"href":"https:\/\/layout.cz.hasami.com\/index.php?rest_route=%2Fwp%2Fv2%2Fproduct_tag&post=5588"}],"curies":[{"name":"wp","href":"https:\/\/api.w.org\/{rel}","templated":true}]}}