{"id":5703,"date":"2020-09-16T12:37:34","date_gmt":"2020-09-16T10:37:34","guid":{"rendered":"https:\/\/layout.cz.hasami.com\/?product=aygo-japonske-kadernicke-nuzky"},"modified":"2021-05-30T22:07:59","modified_gmt":"2021-05-30T20:07:59","slug":"aygo-japonske-kadernicke-nuzky","status":"publish","type":"product","link":"https:\/\/layout.cz.hasami.com\/?product=aygo-japonske-kadernicke-nuzky","title":{"rendered":"AYGO &#8211; japonsk\u00e9 kade\u0159nick\u00e9 n\u016f\u017eky"},"content":{"rendered":"","protected":false},"excerpt":{"rendered":"","protected":false},"featured_media":5705,"template":"","meta":[],"product_cat":[431,432,436,414,415],"product_tag":[434,487],"class_list":{"0":"post-5703","1":"product","2":"type-product","3":"status-publish","4":"has-post-thumbnail","6":"product_cat-scissors-cs-cs","7":"product_cat-products-cs-cs","8":"product_cat-unkategorisiert-cs","9":"product_cat-righthand-scissors-cs","10":"product_cat-righthand-cutting-scissors-cs","11":"product_tag-flat-snap-in-screw-cs","12":"product_tag-vsestranny","13":"pa_00-groesse-5-cs","14":"pa_02-griff-klasicke","15":"pa_03-schraube-vystouply","16":"pa_04-fingerauflage-removable","17":"pa_05-daumenauge-straight","18":"pa_06-schliff-02-konkav-konvex-cs","19":"pa_07-kugellager-ne","21":"first","22":"instock","23":"taxable","24":"shipping-taxable","25":"product-type-variable"},"_links":{"self":[{"href":"https:\/\/layout.cz.hasami.com\/index.php?rest_route=\/wp\/v2\/product\/5703","targetHints":{"allow":["GET"]}}],"collection":[{"href":"https:\/\/layout.cz.hasami.com\/index.php?rest_route=\/wp\/v2\/product"}],"about":[{"href":"https:\/\/layout.cz.hasami.com\/index.php?rest_route=\/wp\/v2\/types\/product"}],"wp:featuredmedia":[{"embeddable":true,"href":"https:\/\/layout.cz.hasami.com\/index.php?rest_route=\/wp\/v2\/media\/5705"}],"wp:attachment":[{"href":"https:\/\/layout.cz.hasami.com\/index.php?rest_route=%2Fwp%2Fv2%2Fmedia&parent=5703"}],"wp:term":[{"taxonomy":"product_cat","embeddable":true,"href":"https:\/\/layout.cz.hasami.com\/index.php?rest_route=%2Fwp%2Fv2%2Fproduct_cat&post=5703"},{"taxonomy":"product_tag","embeddable":true,"href":"https:\/\/layout.cz.hasami.com\/index.php?rest_route=%2Fwp%2Fv2%2Fproduct_tag&post=5703"}],"curies":[{"name":"wp","href":"https:\/\/api.w.org\/{rel}","templated":true}]}}