{"id":5737,"date":"2020-10-07T17:39:33","date_gmt":"2020-10-07T15:39:33","guid":{"rendered":"https:\/\/layout.cz.hasami.com\/?product=pamera-japonske-kadernicke-nuzky"},"modified":"2021-05-30T22:08:25","modified_gmt":"2021-05-30T20:08:25","slug":"pamera-japonske-kadernicke-nuzky","status":"publish","type":"product","link":"https:\/\/layout.cz.hasami.com\/?product=pamera-japonske-kadernicke-nuzky","title":{"rendered":"PAMERA &#8211; japonsk\u00e9 kade\u0159nick\u00e9 n\u016f\u017eky"},"content":{"rendered":"","protected":false},"excerpt":{"rendered":"","protected":false},"featured_media":5738,"template":"","meta":[],"product_cat":[431,436,414,415],"product_tag":[435,434],"class_list":{"0":"post-5737","1":"product","2":"type-product","3":"status-publish","4":"has-post-thumbnail","6":"product_cat-scissors-cs-cs","7":"product_cat-unkategorisiert-cs","8":"product_cat-righthand-scissors-cs","9":"product_cat-righthand-cutting-scissors-cs","10":"product_tag-fixed-fingerest-cs","11":"product_tag-flat-snap-in-screw-cs","12":"pa_02-griff-ergonomicke","13":"pa_03-schraube-snaps-flat-cs","14":"pa_04-fingerauflage-fixed-cs","15":"pa_05-daumenauge-straight","16":"pa_06-schliff-02-konkav-konvex-cs","17":"pa_07-kugellager-ne","19":"first","20":"instock","21":"sold-individually","22":"taxable","23":"shipping-taxable","24":"product-type-variable"},"_links":{"self":[{"href":"https:\/\/layout.cz.hasami.com\/index.php?rest_route=\/wp\/v2\/product\/5737","targetHints":{"allow":["GET"]}}],"collection":[{"href":"https:\/\/layout.cz.hasami.com\/index.php?rest_route=\/wp\/v2\/product"}],"about":[{"href":"https:\/\/layout.cz.hasami.com\/index.php?rest_route=\/wp\/v2\/types\/product"}],"wp:featuredmedia":[{"embeddable":true,"href":"https:\/\/layout.cz.hasami.com\/index.php?rest_route=\/wp\/v2\/media\/5738"}],"wp:attachment":[{"href":"https:\/\/layout.cz.hasami.com\/index.php?rest_route=%2Fwp%2Fv2%2Fmedia&parent=5737"}],"wp:term":[{"taxonomy":"product_cat","embeddable":true,"href":"https:\/\/layout.cz.hasami.com\/index.php?rest_route=%2Fwp%2Fv2%2Fproduct_cat&post=5737"},{"taxonomy":"product_tag","embeddable":true,"href":"https:\/\/layout.cz.hasami.com\/index.php?rest_route=%2Fwp%2Fv2%2Fproduct_tag&post=5737"}],"curies":[{"name":"wp","href":"https:\/\/api.w.org\/{rel}","templated":true}]}}