{"id":5747,"date":"2020-10-07T17:06:32","date_gmt":"2020-10-07T15:06:32","guid":{"rendered":"https:\/\/layout.cz.hasami.com\/?product=swiss-cut-japonske-kadernicke-nuzky"},"modified":"2021-05-30T22:08:26","modified_gmt":"2021-05-30T20:08:26","slug":"swiss-cut-japonske-kadernicke-nuzky","status":"publish","type":"product","link":"https:\/\/layout.cz.hasami.com\/?product=swiss-cut-japonske-kadernicke-nuzky","title":{"rendered":"SWISS CUT &#8211; japonsk\u00e9 kade\u0159nick\u00e9 n\u016f\u017eky"},"content":{"rendered":"","protected":false},"excerpt":{"rendered":"","protected":false},"featured_media":5748,"template":"","meta":[],"product_cat":[431,436,414,415],"product_tag":[435],"class_list":{"0":"post-5747","1":"product","2":"type-product","3":"status-publish","4":"has-post-thumbnail","6":"product_cat-scissors-cs-cs","7":"product_cat-unkategorisiert-cs","8":"product_cat-righthand-scissors-cs","9":"product_cat-righthand-cutting-scissors-cs","10":"product_tag-fixed-fingerest-cs","11":"pa_02-griff-ergonomicke","12":"pa_03-schraube-snaps-flat-cs","13":"pa_04-fingerauflage-fixed-cs","14":"pa_05-daumenauge-bent-cs","15":"pa_06-schliff-02-konkav-konvex-cs","16":"pa_07-kugellager-ne","18":"first","19":"instock","20":"sold-individually","21":"taxable","22":"shipping-taxable","23":"product-type-variable"},"_links":{"self":[{"href":"https:\/\/layout.cz.hasami.com\/index.php?rest_route=\/wp\/v2\/product\/5747","targetHints":{"allow":["GET"]}}],"collection":[{"href":"https:\/\/layout.cz.hasami.com\/index.php?rest_route=\/wp\/v2\/product"}],"about":[{"href":"https:\/\/layout.cz.hasami.com\/index.php?rest_route=\/wp\/v2\/types\/product"}],"wp:featuredmedia":[{"embeddable":true,"href":"https:\/\/layout.cz.hasami.com\/index.php?rest_route=\/wp\/v2\/media\/5748"}],"wp:attachment":[{"href":"https:\/\/layout.cz.hasami.com\/index.php?rest_route=%2Fwp%2Fv2%2Fmedia&parent=5747"}],"wp:term":[{"taxonomy":"product_cat","embeddable":true,"href":"https:\/\/layout.cz.hasami.com\/index.php?rest_route=%2Fwp%2Fv2%2Fproduct_cat&post=5747"},{"taxonomy":"product_tag","embeddable":true,"href":"https:\/\/layout.cz.hasami.com\/index.php?rest_route=%2Fwp%2Fv2%2Fproduct_tag&post=5747"}],"curies":[{"name":"wp","href":"https:\/\/api.w.org\/{rel}","templated":true}]}}