{"id":5766,"date":"2020-10-01T22:43:46","date_gmt":"2020-10-01T20:43:46","guid":{"rendered":"https:\/\/layout.cz.hasami.com\/?product=japonsky-hreben-carbon-276-s-designem-kuze"},"modified":"2021-05-31T01:27:22","modified_gmt":"2021-05-30T23:27:22","slug":"japonsky-hreben-carbon-276-s-designem-kuze","status":"publish","type":"product","link":"https:\/\/layout.cz.hasami.com\/?product=japonsky-hreben-carbon-276-s-designem-kuze","title":{"rendered":"Japonsk\u00fd h\u0159eben Carbon 276 s designem k\u016f\u017ee"},"content":{"rendered":"","protected":false},"excerpt":{"rendered":"","protected":false},"featured_media":5767,"template":"","meta":[],"product_cat":[432,426,403],"product_tag":[458],"class_list":{"0":"post-5766","1":"product","2":"type-product","3":"status-publish","4":"has-post-thumbnail","6":"product_cat-products-cs-cs","7":"product_cat-accessories-cs","8":"product_cat-combs-cs","9":"product_tag-uhlik","11":"first","12":"instock","13":"taxable","14":"shipping-taxable","15":"purchasable","16":"product-type-simple"},"_links":{"self":[{"href":"https:\/\/layout.cz.hasami.com\/index.php?rest_route=\/wp\/v2\/product\/5766","targetHints":{"allow":["GET"]}}],"collection":[{"href":"https:\/\/layout.cz.hasami.com\/index.php?rest_route=\/wp\/v2\/product"}],"about":[{"href":"https:\/\/layout.cz.hasami.com\/index.php?rest_route=\/wp\/v2\/types\/product"}],"wp:featuredmedia":[{"embeddable":true,"href":"https:\/\/layout.cz.hasami.com\/index.php?rest_route=\/wp\/v2\/media\/5767"}],"wp:attachment":[{"href":"https:\/\/layout.cz.hasami.com\/index.php?rest_route=%2Fwp%2Fv2%2Fmedia&parent=5766"}],"wp:term":[{"taxonomy":"product_cat","embeddable":true,"href":"https:\/\/layout.cz.hasami.com\/index.php?rest_route=%2Fwp%2Fv2%2Fproduct_cat&post=5766"},{"taxonomy":"product_tag","embeddable":true,"href":"https:\/\/layout.cz.hasami.com\/index.php?rest_route=%2Fwp%2Fv2%2Fproduct_tag&post=5766"}],"curies":[{"name":"wp","href":"https:\/\/api.w.org\/{rel}","templated":true}]}}